{"id":905,"date":"2014-08-01T13:56:09","date_gmt":"2014-08-01T13:56:09","guid":{"rendered":"http:\/\/rosie.freevision.me\/?page_id=905"},"modified":"2019-12-03T09:26:05","modified_gmt":"2019-12-03T09:26:05","slug":"chi-siamo","status":"publish","type":"page","link":"https:\/\/www.casadesigncz.it\/index.php\/chi-siamo\/","title":{"rendered":"Chi siamo"},"content":{"rendered":"<p>[vc_row][vc_column width=&#8221;1\/2&#8243;][vc_single_image image=&#8221;2619&#8243; img_size=&#8221;full&#8221; alignment=&#8221;center&#8221; style=&#8221;vc_box_rounded&#8221;][\/vc_column][vc_column width=&#8221;1\/2&#8243;][vc_column_text]<\/p>\n<p style=\"text-align: left;\">Dopo una serie di collaborazioni presso diversi negozi di arredamento e\u00a0 tecnici del settore , forti dell\u2019esperienza acquisita\u00a0 negli ultimi 10 anni , nasce\u00a0\u00a0 a Catanzaro CASADESIGN , con \u00a0l&#8217;obiettivo di presentare in un nuovo e innovativo show room, sito in Via Lucrezia della Valle n.19\/35, quanto di meglio possa offrire oggi il mercato delle finiture d&#8217;interni. La visione globale dell\u2019azienda permette di poter soddisfare ogni tipo di esigenza, dalla ristrutturazione chiavi in mano alla progettazione d\u2019interni, alla realizzazione di cucine e mobili su misura, tutto ci\u00f2 avvalendosi della consulenza di apprezzati tecnici e dell&#8217;esperienza di chi ha dimostrato negli anni che la soddisfazione dei loro clienti \u00e8 l&#8217;obiettivo del loro impegno.<\/p>\n<h4 style=\"text-align: left;\"><strong>Consulenza\u00a0 &#8211; Progettazione &#8211; Installazione<\/strong><\/h4>\n<p style=\"text-align: left;\">Sono il centro del nostro lavoro: a partire da un\u2019attenta analisi delle necessit\u00e0, degli spazi, dell\u2019architettura e del vostro stile di vita, il nostro compito \u00e8 pensare e confezionare una proposta personalizzata, in sintonia con il vostro gusto e le vostre necessit\u00e0 e metterla in opera nella vostra casa. Sono importanti i materiali e gli arredi ma altrettanto importante \u00e8 l\u2019idea creativa che deve interpretare le necessit\u00e0, i desideri ed i sogni di chi vivr\u00e0 la casa<\/p>\n<p>[\/vc_column_text][\/vc_column][\/vc_row]<\/p>\n","protected":false},"excerpt":{"rendered":"<p>[vc_row][vc_column width=&#8221;1\/2&#8243;][vc_single_image image=&#8221;2619&#8243; img_size=&#8221;full&#8221; alignment=&#8221;center&#8221; style=&#8221;vc_box_rounded&#8221;][\/vc_column][vc_column width=&#8221;1\/2&#8243;][vc_column_text] Dopo una serie di collaborazioni presso diversi negozi di arredamento e\u00a0 tecnici del settore , forti dell\u2019esperienza acquisita\u00a0 negli ultimi 10 anni , [&hellip;]<\/p>\n","protected":false},"author":1,"featured_media":0,"parent":0,"menu_order":0,"comment_status":"open","ping_status":"open","template":"","meta":[],"_links":{"self":[{"href":"https:\/\/www.casadesigncz.it\/index.php\/wp-json\/wp\/v2\/pages\/905"}],"collection":[{"href":"https:\/\/www.casadesigncz.it\/index.php\/wp-json\/wp\/v2\/pages"}],"about":[{"href":"https:\/\/www.casadesigncz.it\/index.php\/wp-json\/wp\/v2\/types\/page"}],"author":[{"embeddable":true,"href":"https:\/\/www.casadesigncz.it\/index.php\/wp-json\/wp\/v2\/users\/1"}],"replies":[{"embeddable":true,"href":"https:\/\/www.casadesigncz.it\/index.php\/wp-json\/wp\/v2\/comments?post=905"}],"version-history":[{"count":8,"href":"https:\/\/www.casadesigncz.it\/index.php\/wp-json\/wp\/v2\/pages\/905\/revisions"}],"predecessor-version":[{"id":2629,"href":"https:\/\/www.casadesigncz.it\/index.php\/wp-json\/wp\/v2\/pages\/905\/revisions\/2629"}],"wp:attachment":[{"href":"https:\/\/www.casadesigncz.it\/index.php\/wp-json\/wp\/v2\/media?parent=905"}],"curies":[{"name":"wp","href":"https:\/\/api.w.org\/{rel}","templated":true}]}}